{"id":7,"date":"2014-08-02T14:06:39","date_gmt":"2014-08-02T14:06:39","guid":{"rendered":"http:\/\/panhey-gmbh.de\/?page_id=7"},"modified":"2014-08-03T08:35:06","modified_gmt":"2014-08-03T08:35:06","slug":"heizung","status":"publish","type":"page","link":"http:\/\/panhey-gmbh.de\/?page_id=7","title":{"rendered":"Thermostatventile"},"content":{"rendered":"<p>Heizk\u00f6rperventile korrekt benutzen<\/p>\n<p>Der richtige Dreh f\u00fcr optimale W\u00e4rme<\/p>\n<p>Die Raumtemperatur wird oft ganz unterschiedlich wahrgenommen. Was der eine als k\u00fchl empfindet, ist f\u00fcr den anderen zu warm. Dennoch gibt es allgemeine Empfehlungen daf\u00fcr, welche Temperaturen f\u00fcr welche R\u00e4ume sinnvoll sind. Am Thermostatventil l\u00e4sst sich die gew\u00fcnschte Raumtemperatur genau einstellen. Die Voraussetzung hierf\u00fcr ist allerdings die richtige Auslegung und Einstellung der Heizungsanlage. Sie ist auf jeden Fall gegeben, wenn die Anlage von einem Meisterbetrieb der Sanit\u00e4r- und Heizungsinnung geplant und gebaut wurde.<\/p>\n<p>F\u00fcr Kellerr\u00e4ume sind rund sechs Grad ausreichend. So kann es nicht zu Frostsch\u00e4den kommen. Dies ist am Regler zumeist mit einem Frostsymbol gekennzeichnet. F\u00fcr das Treppenhaus und den Windfang werden zw\u00f6lf Grad empfohlen. Wohn- und Esszimmer sind mit 20 Grad angemessen temperiert, was der Einstellung \u201edrei\u201c auf der Skale des Thermostatventils entsprechen sollte. Im Arbeits- und Kinderzimmer sorgen 22 Grad f\u00fcr ein Behaglichkeitsgef\u00fchl. Das Badezimmer sollte mit 24 Grad der w\u00e4rmste Raum im Haus sein. Hierf\u00fcr ist der Regler auf \u201evier\u201c zu drehen. F\u00fcr eine gesunde Nachtruhe sind 16 Grad im Schlafzimmer genau richtig. Grunds\u00e4tzlich sollte die Temperatur in allen \u00fcbrigen R\u00e4umen nachts auf 14 Grad abgesenkt werden. Oft findet man auf den Thermostatventilen hierf\u00fcr ein Mondsymbol, was der Einstellung \u201e1,5\u201c entspricht. Meistens wird die Nachtabsenkung jedoch an der zentralen Heizungsregelung des W\u00e4rmeerzeugers eingestellt.<\/p>\n<p><a href=\"http:\/\/panhey-gmbh.de\/wp-content\/uploads\/2014\/08\/PR-Bild-10-Heizkoerperventile_einstellen-1.jpg\"><img loading=\"lazy\" decoding=\"async\" class=\"alignnone size-medium wp-image-54\" src=\"http:\/\/panhey-gmbh.de\/wp-content\/uploads\/2014\/08\/PR-Bild-10-Heizkoerperventile_einstellen-1-225x300.jpg\" alt=\"PR-Bild-10-Heizkoerperventile_einstellen (1)\" width=\"225\" height=\"300\" srcset=\"http:\/\/panhey-gmbh.de\/wp-content\/uploads\/2014\/08\/PR-Bild-10-Heizkoerperventile_einstellen-1-225x300.jpg 225w, http:\/\/panhey-gmbh.de\/wp-content\/uploads\/2014\/08\/PR-Bild-10-Heizkoerperventile_einstellen-1-768x1024.jpg 768w, http:\/\/panhey-gmbh.de\/wp-content\/uploads\/2014\/08\/PR-Bild-10-Heizkoerperventile_einstellen-1.jpg 1944w\" sizes=\"auto, (max-width: 225px) 100vw, 225px\" \/><\/a><\/p>\n<p>&#8222;Quelle: FV SHK NRW&#8220;<\/p>\n<p>Thermostatventile an den Heizk\u00f6rpern sind kinderleicht zu bedienen und sorgen daf\u00fcr, dass jeder Raum optimal temperiert ist<\/p>\n","protected":false},"excerpt":{"rendered":"<p>Heizk\u00f6rperventile korrekt benutzen Der richtige Dreh f\u00fcr optimale W\u00e4rme Die Raumtemperatur wird oft ganz unterschiedlich wahrgenommen. Was der eine als k\u00fchl empfindet, ist f\u00fcr den anderen zu warm. Dennoch gibt es allgemeine Empfehlungen daf\u00fcr, welche Temperaturen f\u00fcr welche R\u00e4ume sinnvoll sind. Am Thermostatventil l\u00e4sst sich die gew\u00fcnschte Raumtemperatur genau einstellen. Die Voraussetzung hierf\u00fcr ist allerdings [&hellip;]<\/p>\n","protected":false},"author":1,"featured_media":0,"parent":0,"menu_order":0,"comment_status":"closed","ping_status":"closed","template":"","meta":{"footnotes":""},"class_list":["post-7","page","type-page","status-publish","hentry","post"],"_links":{"self":[{"href":"http:\/\/panhey-gmbh.de\/index.php?rest_route=\/wp\/v2\/pages\/7","targetHints":{"allow":["GET"]}}],"collection":[{"href":"http:\/\/panhey-gmbh.de\/index.php?rest_route=\/wp\/v2\/pages"}],"about":[{"href":"http:\/\/panhey-gmbh.de\/index.php?rest_route=\/wp\/v2\/types\/page"}],"author":[{"embeddable":true,"href":"http:\/\/panhey-gmbh.de\/index.php?rest_route=\/wp\/v2\/users\/1"}],"replies":[{"embeddable":true,"href":"http:\/\/panhey-gmbh.de\/index.php?rest_route=%2Fwp%2Fv2%2Fcomments&post=7"}],"version-history":[{"count":10,"href":"http:\/\/panhey-gmbh.de\/index.php?rest_route=\/wp\/v2\/pages\/7\/revisions"}],"predecessor-version":[{"id":60,"href":"http:\/\/panhey-gmbh.de\/index.php?rest_route=\/wp\/v2\/pages\/7\/revisions\/60"}],"wp:attachment":[{"href":"http:\/\/panhey-gmbh.de\/index.php?rest_route=%2Fwp%2Fv2%2Fmedia&parent=7"}],"curies":[{"name":"wp","href":"https:\/\/api.w.org\/{rel}","templated":true}]}}