{"id":69,"date":"2014-08-03T08:46:47","date_gmt":"2014-08-03T08:46:47","guid":{"rendered":"http:\/\/panhey-gmbh.de\/?page_id=69"},"modified":"2014-08-03T08:47:52","modified_gmt":"2014-08-03T08:47:52","slug":"gasleitungen","status":"publish","type":"page","link":"http:\/\/panhey-gmbh.de\/?page_id=69","title":{"rendered":"Gasleitungen"},"content":{"rendered":"<p>Gasleitungen im Haus<\/p>\n<p>Alle 12 Jahre unter der Lupe<\/p>\n<p>Moderne Installationstechniken und gepr\u00fcftes Material machen die Gasrohre im Haus zuverl\u00e4ssig und sicher. Aber so wie auch H\u00e4user an sich \u00e4lter werden, unterliegen auch diese Leitungen einem nat\u00fcrlichen Verschlei\u00df. Hier ist es wie beim Auto: Werden kleine M\u00e4ngel rechtzeitig entdeckt, sind diese auch problemlos zu beseitigen.<\/p>\n<p>Basieren auf jahrzehntelangen Praxiserfahrungen hat der Deutsche Verein des Gas- und Wasserfaches (DVGW) mit der k\u00fcrzlich erschienenen Neufassung der Technischen Regeln f\u00fcr Gas-Installationen festgelegt, dass Gasrohre im Haus alle 12 Jahre durch einen zugelassenen Fachmann \u00fcberpr\u00fcft werden m\u00fcssen. Die Meisterbetriebe der Innung f\u00fcr Sanit\u00e4r- und Heizungstechnik erf\u00fcllen alle Anforderungen zur Durchf\u00fchrung dieser Kontrollen.<\/p>\n<p>Mit modernsten elektronischen Kontrollger\u00e4ten werden die Leitungen unter die Lupe genommen und exakt untersucht. Im Ergebnis erh\u00e4lt der Hausbesitzer, der durch vertragliche Vereinbarungen und gesetzlichen Vorgaben f\u00fcr den einwandfreien Zustand seiner Installation verantwortlich ist, ein detailliertes Pr\u00fcfprotokoll. Damit verf\u00fcgt er \u00fcber einen wichtigen Nachweis, seiner Kontrollpflicht nachgekommen zu sein.<\/p>\n<p><a href=\"http:\/\/panhey-gmbh.de\/wp-content\/uploads\/2014\/08\/PR-Bild-45-Gaskontrolle.jpg\"><img loading=\"lazy\" decoding=\"async\" src=\"http:\/\/panhey-gmbh.de\/wp-content\/uploads\/2014\/08\/PR-Bild-45-Gaskontrolle.jpg\" alt=\"OLYMPUS DIGITAL CAMERA\" width=\"224\" height=\"168\" class=\"alignnone size-full wp-image-70\" \/><\/a><br \/>\n(Bild: Fedor Ulisch)<\/p>\n<p>Mit modernen elektronischen Kontrollger\u00e4ten kann der Zustand der Gasrohre pr\u00e4zise festgestellt werden<\/p>\n","protected":false},"excerpt":{"rendered":"<p>Gasleitungen im Haus Alle 12 Jahre unter der Lupe Moderne Installationstechniken und gepr\u00fcftes Material machen die Gasrohre im Haus zuverl\u00e4ssig und sicher. Aber so wie auch H\u00e4user an sich \u00e4lter werden, unterliegen auch diese Leitungen einem nat\u00fcrlichen Verschlei\u00df. Hier ist es wie beim Auto: Werden kleine M\u00e4ngel rechtzeitig entdeckt, sind diese auch problemlos zu beseitigen. [&hellip;]<\/p>\n","protected":false},"author":1,"featured_media":0,"parent":0,"menu_order":0,"comment_status":"closed","ping_status":"closed","template":"","meta":{"footnotes":""},"class_list":["post-69","page","type-page","status-publish","hentry","post"],"_links":{"self":[{"href":"http:\/\/panhey-gmbh.de\/index.php?rest_route=\/wp\/v2\/pages\/69","targetHints":{"allow":["GET"]}}],"collection":[{"href":"http:\/\/panhey-gmbh.de\/index.php?rest_route=\/wp\/v2\/pages"}],"about":[{"href":"http:\/\/panhey-gmbh.de\/index.php?rest_route=\/wp\/v2\/types\/page"}],"author":[{"embeddable":true,"href":"http:\/\/panhey-gmbh.de\/index.php?rest_route=\/wp\/v2\/users\/1"}],"replies":[{"embeddable":true,"href":"http:\/\/panhey-gmbh.de\/index.php?rest_route=%2Fwp%2Fv2%2Fcomments&post=69"}],"version-history":[{"count":1,"href":"http:\/\/panhey-gmbh.de\/index.php?rest_route=\/wp\/v2\/pages\/69\/revisions"}],"predecessor-version":[{"id":71,"href":"http:\/\/panhey-gmbh.de\/index.php?rest_route=\/wp\/v2\/pages\/69\/revisions\/71"}],"wp:attachment":[{"href":"http:\/\/panhey-gmbh.de\/index.php?rest_route=%2Fwp%2Fv2%2Fmedia&parent=69"}],"curies":[{"name":"wp","href":"https:\/\/api.w.org\/{rel}","templated":true}]}}