{"id":65,"date":"2014-08-03T08:42:01","date_gmt":"2014-08-03T08:42:01","guid":{"rendered":"http:\/\/panhey-gmbh.de\/?page_id=65"},"modified":"2014-08-03T08:43:19","modified_gmt":"2014-08-03T08:43:19","slug":"brennwerttechnik","status":"publish","type":"page","link":"http:\/\/panhey-gmbh.de\/?page_id=65","title":{"rendered":"Brennwerttechnik"},"content":{"rendered":"<p>Moderne Heiztechnik<\/p>\n<p>Brennstoff-Energie optimal nutzen<\/p>\n<p>Je weniger W\u00e4rme mit den Abgasen buchst\u00e4blich durch den Schornstein verloren geht, desto mehr Energie holt der Heizkessel aus dem Erdgas oder aus dem Heiz\u00f6l heraus. Das bedeutet, dass weniger Brennstoff n\u00f6tig ist, um die gew\u00fcnschte Raumw\u00e4rme und Warmwassertemperatur zu erreichen. Weniger Brennstoffverbrauch bedeutet Heizkostenersparnis. Und: Wird weniger Gas oder \u00d6l verbrannt, entstehen weniger Abgase \u2013 und das sch\u00fctzt die Umwelt.<\/p>\n<p>M\u00f6glich wird diese doppelte Einsparung durch die moderne Brennwerttechnik. Sie holt buchst\u00e4blich schon verlorene Energie zur\u00fcck. Denn bei jeder Verbrennung entsteht Wasserdampf. Bei der Brennwerttechnik geben die Abgase ihre W\u00e4rme \u00fcber spezielle W\u00e4rmetauscher an das Heizungswasser ab. Dabei werden die Abgase so weit ausgek\u00fchlt, dass der Wasserdampf kondensiert und wieder zu Wasser wird. Bei diesem Vorgang wird die Energie wieder frei, die w\u00e4hrend der Verbrennung zur Verdampfung des Wasserdampfes ben\u00f6tigt wurde. Bei der \u00d6l-Brennwerttechnik bedeutet das zum Beispiel einen Energiegewinn von rund sechs Prozent.<\/p>\n<p>Und selbst dann, wenn der Taupunkt nicht unterschritten wird, es also nicht zur Kondensation des Wasserdampfes kommt, erreicht man durch die hochwirksamen W\u00e4rmetauscherfl\u00e4chen immerhin noch gut f\u00fcnf Prozent mehr \u201eEnergieausbeute\u201c, verglichen mit herk\u00f6mmlichen Heizkesseln. Ein Betrieb ohne Kondensation ist in bestimmten Betriebssituationen zu erwarten (z. B. im Winter, wenn eine Heizungsanlage mit Heizk\u00f6rpern eine h\u00f6here Wassertemperatur ben\u00f6tigt). Aber auch in dieser Situation rechnet sich \u2013 wie gesagt \u2013 ein Brennwert-Heizkessel. Die Meisterbetriebe der Innung f\u00fcr Sanit\u00e4r-, Heizungs- und Klimatechnik k\u00f6nnen Auskunft dar\u00fcber geben, wie effizient diese Technik bei den verschiedenen Heizungsanlagen eingesetzt werden kann \u2013 ein Beratungsgespr\u00e4ch, das sich in jeder Hinsicht lohnt.<\/p>\n<p><a href=\"http:\/\/panhey-gmbh.de\/wp-content\/uploads\/2014\/08\/PR-Bild-24-Brennwerttechnik.jpg\"><img loading=\"lazy\" decoding=\"async\" src=\"http:\/\/panhey-gmbh.de\/wp-content\/uploads\/2014\/08\/PR-Bild-24-Brennwerttechnik-300x181.jpg\" alt=\"PR-Bild-24-Brennwerttechnik\" width=\"300\" height=\"181\" class=\"alignnone size-medium wp-image-66\" srcset=\"http:\/\/panhey-gmbh.de\/wp-content\/uploads\/2014\/08\/PR-Bild-24-Brennwerttechnik-300x181.jpg 300w, http:\/\/panhey-gmbh.de\/wp-content\/uploads\/2014\/08\/PR-Bild-24-Brennwerttechnik-1024x618.jpg 1024w, http:\/\/panhey-gmbh.de\/wp-content\/uploads\/2014\/08\/PR-Bild-24-Brennwerttechnik.jpg 1772w\" sizes=\"auto, (max-width: 300px) 100vw, 300px\" \/><\/a><br \/>\n(Bild: Viessmann)<\/p>\n<p>Bringen verlorene Energie zur\u00fcck: Die Wassertropfen an den Brennwert-W\u00e4rmetauschern<\/p>\n","protected":false},"excerpt":{"rendered":"<p>Moderne Heiztechnik Brennstoff-Energie optimal nutzen Je weniger W\u00e4rme mit den Abgasen buchst\u00e4blich durch den Schornstein verloren geht, desto mehr Energie holt der Heizkessel aus dem Erdgas oder aus dem Heiz\u00f6l heraus. Das bedeutet, dass weniger Brennstoff n\u00f6tig ist, um die gew\u00fcnschte Raumw\u00e4rme und Warmwassertemperatur zu erreichen. Weniger Brennstoffverbrauch bedeutet Heizkostenersparnis. Und: Wird weniger Gas oder [&hellip;]<\/p>\n","protected":false},"author":1,"featured_media":0,"parent":0,"menu_order":0,"comment_status":"closed","ping_status":"closed","template":"","meta":{"footnotes":""},"class_list":["post-65","page","type-page","status-publish","hentry","post"],"_links":{"self":[{"href":"http:\/\/panhey-gmbh.de\/index.php?rest_route=\/wp\/v2\/pages\/65","targetHints":{"allow":["GET"]}}],"collection":[{"href":"http:\/\/panhey-gmbh.de\/index.php?rest_route=\/wp\/v2\/pages"}],"about":[{"href":"http:\/\/panhey-gmbh.de\/index.php?rest_route=\/wp\/v2\/types\/page"}],"author":[{"embeddable":true,"href":"http:\/\/panhey-gmbh.de\/index.php?rest_route=\/wp\/v2\/users\/1"}],"replies":[{"embeddable":true,"href":"http:\/\/panhey-gmbh.de\/index.php?rest_route=%2Fwp%2Fv2%2Fcomments&post=65"}],"version-history":[{"count":1,"href":"http:\/\/panhey-gmbh.de\/index.php?rest_route=\/wp\/v2\/pages\/65\/revisions"}],"predecessor-version":[{"id":67,"href":"http:\/\/panhey-gmbh.de\/index.php?rest_route=\/wp\/v2\/pages\/65\/revisions\/67"}],"wp:attachment":[{"href":"http:\/\/panhey-gmbh.de\/index.php?rest_route=%2Fwp%2Fv2%2Fmedia&parent=65"}],"curies":[{"name":"wp","href":"https:\/\/api.w.org\/{rel}","templated":true}]}}